{"id":682,"date":"2025-11-14T21:37:40","date_gmt":"2025-11-14T20:37:40","guid":{"rendered":"https:\/\/www.batters.fr\/?page_id=682"},"modified":"2025-12-03T16:48:26","modified_gmt":"2025-12-03T15:48:26","slug":"contact","status":"publish","type":"page","link":"https:\/\/www.batters.fr\/en\/contact\/","title":{"rendered":"Contact"},"content":{"rendered":"<section id=\"wp-block-themeisle-blocks-advanced-columns-e7931e5c\" class=\"wp-block-themeisle-blocks-advanced-columns alignfull has-2-columns has-desktop-equal-layout has-tablet-equal-layout has-mobile-collapsedRows-layout has-vertical-top has-dark-bg\"><div class=\"wp-block-themeisle-blocks-advanced-columns-overlay\"><\/div><div class=\"innerblocks-wrap\">\n<div id=\"wp-block-themeisle-blocks-advanced-column-49224624\" class=\"wp-block-themeisle-blocks-advanced-column\">\n<h2 class=\"wp-block-heading has-text-align-left has-nv-text-dark-bg-color has-text-color has-link-color wp-elements-4722c8f3112acf314b7c14b71261a0e4\" style=\"font-size:42px\">Contact BATTERS<\/h2>\n\n\n\n<p class=\"has-medium-font-size\">Do you have an LCA project, a need for data or a question about compliance with the battery regulation? <\/p>\n\n\n\n<p class=\"has-medium-font-size\">Our team can help you analyse your impact, structure your data and integrate traceability into your processes. Contact us to discuss your challenges.<\/p>\n\n\n\n<div style=\"height:37px\" aria-hidden=\"true\" class=\"wp-block-spacer\"><\/div>\n\n\n\n<div id=\"wp-block-themeisle-blocks-advanced-columns-d0a4ec46\" class=\"wp-block-themeisle-blocks-advanced-columns has-2-columns has-desktop-oneTwo-layout has-tablet-equal-layout has-mobile-collapsedRows-layout has-vertical-top\"><div class=\"wp-block-themeisle-blocks-advanced-columns-overlay\"><\/div><div class=\"innerblocks-wrap\">\n<div id=\"wp-block-themeisle-blocks-advanced-column-4094d4e9\" class=\"wp-block-themeisle-blocks-advanced-column\">\n<div id=\"wp-block-themeisle-blocks-font-awesome-icons-48c476f6\" class=\"wp-block-themeisle-blocks-font-awesome-icons\"><span class=\"wp-block-themeisle-blocks-font-awesome-icons-container nan-padding\"><i class=\"fas fa-phone\"><\/i><\/span><\/div>\n<\/div>\n\n\n\n<div id=\"wp-block-themeisle-blocks-advanced-column-e50ce060\" class=\"wp-block-themeisle-blocks-advanced-column\">\n<p class=\"has-text-color has-link-color wp-elements-f534e6f70fb4f4a7cb1773dc822acea5\" style=\"color:#ffffff;padding-right:0;padding-left:0;font-size:25px\"><a href=\"tel:+33981857682\">+33 9 81 85 76 82<\/a>&nbsp;<\/p>\n<\/div>\n<\/div><\/div>\n\n\n\n<div id=\"wp-block-themeisle-blocks-advanced-columns-3488c24c\" class=\"wp-block-themeisle-blocks-advanced-columns has-2-columns has-desktop-oneTwo-layout has-tablet-equal-layout has-mobile-collapsedRows-layout has-vertical-top\"><div class=\"wp-block-themeisle-blocks-advanced-columns-overlay\"><\/div><div class=\"innerblocks-wrap\">\n<div id=\"wp-block-themeisle-blocks-advanced-column-b9d3c438\" class=\"wp-block-themeisle-blocks-advanced-column\">\n<div id=\"wp-block-themeisle-blocks-font-awesome-icons-c50330e8\" class=\"wp-block-themeisle-blocks-font-awesome-icons\"><span class=\"wp-block-themeisle-blocks-font-awesome-icons-container\"><i class=\"fas fa-envelope\"><\/i><\/span><\/div>\n<\/div>\n\n\n\n<div id=\"wp-block-themeisle-blocks-advanced-column-7f08123d\" class=\"wp-block-themeisle-blocks-advanced-column\">\n<p class=\"has-text-color has-link-color wp-elements-c49d94cd50d9c423fb4eb654bfd40f9e\" style=\"color:#ffffff;padding-right:0;padding-left:0;font-size:25px\"><a href=\"mailto:info@weloop.org\">info@weloop.org<\/a><\/p>\n<\/div>\n<\/div><\/div>\n\n\n\n<div id=\"wp-block-themeisle-blocks-advanced-columns-c69c26af\" class=\"wp-block-themeisle-blocks-advanced-columns has-2-columns has-desktop-oneTwo-layout has-tablet-equal-layout has-mobile-collapsedRows-layout has-vertical-top\"><div class=\"wp-block-themeisle-blocks-advanced-columns-overlay\"><\/div><div class=\"innerblocks-wrap\">\n<div id=\"wp-block-themeisle-blocks-advanced-column-0c2d2fd5\" class=\"wp-block-themeisle-blocks-advanced-column\">\n<div id=\"wp-block-themeisle-blocks-font-awesome-icons-105b6363\" class=\"wp-block-themeisle-blocks-font-awesome-icons\"><span class=\"wp-block-themeisle-blocks-font-awesome-icons-container\"><i class=\"fas fa-map-marker-alt\"><\/i><\/span><\/div>\n<\/div>\n\n\n\n<div id=\"wp-block-themeisle-blocks-advanced-column-94eac4b4\" class=\"wp-block-themeisle-blocks-advanced-column\">\n<p class=\"has-text-color has-link-color wp-elements-87e7d9cc81c38a849fccaa0c15c1283f\" style=\"color:#ffffff;padding-right:0;padding-left:0;font-size:25px\">254, Rue Du Bourg<br>59130 LAMBERSART<\/p>\n<\/div>\n<\/div><\/div>\n\n\n\n<p><\/p>\n<\/div>\n\n\n\n<div id=\"wp-block-themeisle-blocks-advanced-column-b070a235\" class=\"wp-block-themeisle-blocks-advanced-column\">\n<div id=\"wp-block-themeisle-blocks-form-02b34054\" class=\"wp-block-themeisle-blocks-form\" data-option-name=\"bf9b28ff82ce323187abc5d0feb0d8f07ecd8436_02b34054\"><form class=\"otter-form__container\" action=\"\">\n<div id=\"wp-block-themeisle-blocks-form-input-90cffc86\" class=\"wp-block-themeisle-blocks-form-input\"><label for=\"wp-block-themeisle-blocks-form-input-90cffc86-input\" class=\"otter-form-input-label\"><span class=\"otter-form-input-label__label\">Name<\/span><span class=\"required\">*<\/span><\/label><input type=\"text\" id=\"wp-block-themeisle-blocks-form-input-90cffc86-input\" required class=\"otter-form-input\"\/><\/div>\n\n\n\n<div id=\"wp-block-themeisle-blocks-form-input-f735a475\" class=\"wp-block-themeisle-blocks-form-input\"><label for=\"wp-block-themeisle-blocks-form-input-f735a475-input\" class=\"otter-form-input-label\"><span class=\"otter-form-input-label__label\">First name<\/span><span class=\"required\">*<\/span><\/label><input type=\"text\" id=\"wp-block-themeisle-blocks-form-input-f735a475-input\" required class=\"otter-form-input\"\/><\/div>\n\n\n\n<div id=\"wp-block-themeisle-blocks-form-input-62741375\" class=\"wp-block-themeisle-blocks-form-input\"><label for=\"wp-block-themeisle-blocks-form-input-62741375-input\" class=\"otter-form-input-label\"><span class=\"otter-form-input-label__label\">Organisation<\/span><span class=\"required\">*<\/span><\/label><input type=\"text\" id=\"wp-block-themeisle-blocks-form-input-62741375-input\" required class=\"otter-form-input\"\/><\/div>\n\n\n\n<div id=\"wp-block-themeisle-blocks-form-input-21de72bc\" class=\"wp-block-themeisle-blocks-form-input\"><label for=\"wp-block-themeisle-blocks-form-input-21de72bc-input\" class=\"otter-form-input-label\"><span class=\"otter-form-input-label__label\">Email<\/span><span class=\"required\">*<\/span><\/label><input type=\"email\" id=\"wp-block-themeisle-blocks-form-input-21de72bc-input\" required class=\"otter-form-input\"\/><\/div>\n\n\n\n<div id=\"wp-block-themeisle-blocks-form-textarea-eacb803b\" class=\"wp-block-themeisle-blocks-form-textarea\"><label for=\"wp-block-themeisle-blocks-form-textarea-eacb803b-input\" class=\"otter-form-textarea-label\"><span class=\"otter-form-textarea-label__label\">Message<\/span><\/label><textarea id=\"wp-block-themeisle-blocks-form-textarea-eacb803b-input\" rows=\"10\" class=\"otter-form-textarea-input\"><\/textarea><\/div>\n\n\n\n<p style=\"font-size:14px\">By submitting this form, you agree to receive e-mail communications from us and understand that your details will be stored by us.<\/p>\n\n\n<div class=\"wp-block-button\"><button class=\"wp-block-button__link\" type=\"submit\">Send<\/button><\/div><input type=\"hidden\" name=\"trp-form-language\" value=\"en\"\/><\/form><\/div>\n<\/div>\n<\/div><\/section>\n\n\n\n<p><\/p>","protected":false},"excerpt":{"rendered":"","protected":false},"author":1,"featured_media":0,"parent":0,"menu_order":0,"comment_status":"closed","ping_status":"closed","template":"","meta":{"neve_meta_sidebar":"","neve_meta_container":"","neve_meta_enable_content_width":"","neve_meta_content_width":0,"neve_meta_title_alignment":"","neve_meta_author_avatar":"","neve_post_elements_order":"","neve_meta_disable_header":"","neve_meta_disable_footer":"","neve_meta_disable_title":"on","neve_meta_reading_time":"","footnotes":""},"class_list":["post-682","page","type-page","status-publish","hentry"],"yoast_head":"<!-- This site is optimized with the Yoast SEO plugin v27.2 - https:\/\/yoast.com\/product\/yoast-seo-wordpress\/ -->\n<title>Contacter BATTERS - L\u2019\u00e9cosyst\u00e8me europ\u00e9en de l\u2019ACV et du DPP des batteries<\/title>\n<meta name=\"description\" content=\"Contactez l\u2019\u00e9quipe BATTERS pour vos projets ACV, vos besoins de donn\u00e9es batteries ou vos questions sur la tra\u00e7abilit\u00e9 et la conformit\u00e9.\" \/>\n<meta name=\"robots\" content=\"index, follow, max-snippet:-1, max-image-preview:large, max-video-preview:-1\" \/>\n<link rel=\"canonical\" href=\"https:\/\/www.batters.fr\/en\/contact\/\" \/>\n<meta property=\"og:locale\" content=\"en_GB\" \/>\n<meta property=\"og:type\" content=\"article\" \/>\n<meta property=\"og:title\" content=\"Contacter BATTERS - L\u2019\u00e9cosyst\u00e8me europ\u00e9en de l\u2019ACV et du DPP des batteries\" \/>\n<meta property=\"og:description\" content=\"Contactez l\u2019\u00e9quipe BATTERS pour vos projets ACV, vos besoins de donn\u00e9es batteries ou vos questions sur la tra\u00e7abilit\u00e9 et la conformit\u00e9.\" \/>\n<meta property=\"og:url\" content=\"https:\/\/www.batters.fr\/en\/contact\/\" \/>\n<meta property=\"og:site_name\" content=\"Batters\" \/>\n<meta property=\"article:modified_time\" content=\"2025-12-03T15:48:26+00:00\" \/>\n<meta name=\"twitter:card\" content=\"summary_large_image\" \/>\n<meta name=\"twitter:label1\" content=\"Estimated reading time\" \/>\n\t<meta name=\"twitter:data1\" content=\"1 minute\" \/>\n<script type=\"application\/ld+json\" class=\"yoast-schema-graph\">{\"@context\":\"https:\/\/schema.org\",\"@graph\":[{\"@type\":[\"WebPage\",\"ContactPage\"],\"@id\":\"https:\/\/www.batters.fr\/contact\/\",\"url\":\"https:\/\/www.batters.fr\/contact\/\",\"name\":\"Contacter BATTERS - L\u2019\u00e9cosyst\u00e8me europ\u00e9en de l\u2019ACV et du DPP des batteries\",\"isPartOf\":{\"@id\":\"https:\/\/www.batters.fr\/#website\"},\"datePublished\":\"2025-11-14T20:37:40+00:00\",\"dateModified\":\"2025-12-03T15:48:26+00:00\",\"description\":\"Contactez l\u2019\u00e9quipe BATTERS pour vos projets ACV, vos besoins de donn\u00e9es batteries ou vos questions sur la tra\u00e7abilit\u00e9 et la conformit\u00e9.\",\"breadcrumb\":{\"@id\":\"https:\/\/www.batters.fr\/contact\/#breadcrumb\"},\"inLanguage\":\"en-GB\",\"potentialAction\":[{\"@type\":\"ReadAction\",\"target\":[\"https:\/\/www.batters.fr\/contact\/\"]}]},{\"@type\":\"BreadcrumbList\",\"@id\":\"https:\/\/www.batters.fr\/contact\/#breadcrumb\",\"itemListElement\":[{\"@type\":\"ListItem\",\"position\":1,\"name\":\"Home\",\"item\":\"https:\/\/www.batters.fr\/\"},{\"@type\":\"ListItem\",\"position\":2,\"name\":\"Contact\"}]},{\"@type\":\"WebSite\",\"@id\":\"https:\/\/www.batters.fr\/#website\",\"url\":\"https:\/\/www.batters.fr\/\",\"name\":\"Batters\",\"description\":\"\",\"publisher\":{\"@id\":\"https:\/\/www.batters.fr\/#organization\"},\"potentialAction\":[{\"@type\":\"SearchAction\",\"target\":{\"@type\":\"EntryPoint\",\"urlTemplate\":\"https:\/\/www.batters.fr\/?s={search_term_string}\"},\"query-input\":{\"@type\":\"PropertyValueSpecification\",\"valueRequired\":true,\"valueName\":\"search_term_string\"}}],\"inLanguage\":\"en-GB\"},{\"@type\":\"Organization\",\"@id\":\"https:\/\/www.batters.fr\/#organization\",\"name\":\"Batters\",\"url\":\"https:\/\/www.batters.fr\/\",\"logo\":{\"@type\":\"ImageObject\",\"inLanguage\":\"en-GB\",\"@id\":\"https:\/\/www.batters.fr\/#\/schema\/logo\/image\/\",\"url\":\"https:\/\/www.batters.fr\/wp-content\/uploads\/2025\/11\/logo-agency.png\",\"contentUrl\":\"https:\/\/www.batters.fr\/wp-content\/uploads\/2025\/11\/logo-agency.png\",\"width\":200,\"height\":200,\"caption\":\"Batters\"},\"image\":{\"@id\":\"https:\/\/www.batters.fr\/#\/schema\/logo\/image\/\"}}]}<\/script>\n<!-- \/ Yoast SEO plugin. -->","yoast_head_json":{"title":"Contact BATTERS - The European ecosystem for LCA and PLR of batteries","description":"Contact the BATTERS team for your LCA projects, your battery data needs or your questions about traceability and compliance.","robots":{"index":"index","follow":"follow","max-snippet":"max-snippet:-1","max-image-preview":"max-image-preview:large","max-video-preview":"max-video-preview:-1"},"canonical":"https:\/\/www.batters.fr\/en\/contact\/","og_locale":"en_GB","og_type":"article","og_title":"Contacter BATTERS - L\u2019\u00e9cosyst\u00e8me europ\u00e9en de l\u2019ACV et du DPP des batteries","og_description":"Contactez l\u2019\u00e9quipe BATTERS pour vos projets ACV, vos besoins de donn\u00e9es batteries ou vos questions sur la tra\u00e7abilit\u00e9 et la conformit\u00e9.","og_url":"https:\/\/www.batters.fr\/en\/contact\/","og_site_name":"Batters","article_modified_time":"2025-12-03T15:48:26+00:00","twitter_card":"summary_large_image","twitter_misc":{"Estimated reading time":"1 minute"},"schema":{"@context":"https:\/\/schema.org","@graph":[{"@type":["WebPage","ContactPage"],"@id":"https:\/\/www.batters.fr\/contact\/","url":"https:\/\/www.batters.fr\/contact\/","name":"Contact BATTERS - The European ecosystem for LCA and PLR of batteries","isPartOf":{"@id":"https:\/\/www.batters.fr\/#website"},"datePublished":"2025-11-14T20:37:40+00:00","dateModified":"2025-12-03T15:48:26+00:00","description":"Contact the BATTERS team for your LCA projects, your battery data needs or your questions about traceability and compliance.","breadcrumb":{"@id":"https:\/\/www.batters.fr\/contact\/#breadcrumb"},"inLanguage":"en-GB","potentialAction":[{"@type":"ReadAction","target":["https:\/\/www.batters.fr\/contact\/"]}]},{"@type":"BreadcrumbList","@id":"https:\/\/www.batters.fr\/contact\/#breadcrumb","itemListElement":[{"@type":"ListItem","position":1,"name":"Home","item":"https:\/\/www.batters.fr\/"},{"@type":"ListItem","position":2,"name":"Contact"}]},{"@type":"WebSite","@id":"https:\/\/www.batters.fr\/#website","url":"https:\/\/www.batters.fr\/","name":"Batters","description":"","publisher":{"@id":"https:\/\/www.batters.fr\/#organization"},"potentialAction":[{"@type":"SearchAction","target":{"@type":"EntryPoint","urlTemplate":"https:\/\/www.batters.fr\/?s={search_term_string}"},"query-input":{"@type":"PropertyValueSpecification","valueRequired":true,"valueName":"search_term_string"}}],"inLanguage":"en-GB"},{"@type":"Organization","@id":"https:\/\/www.batters.fr\/#organization","name":"Batters","url":"https:\/\/www.batters.fr\/","logo":{"@type":"ImageObject","inLanguage":"en-GB","@id":"https:\/\/www.batters.fr\/#\/schema\/logo\/image\/","url":"https:\/\/www.batters.fr\/wp-content\/uploads\/2025\/11\/logo-agency.png","contentUrl":"https:\/\/www.batters.fr\/wp-content\/uploads\/2025\/11\/logo-agency.png","width":200,"height":200,"caption":"Batters"},"image":{"@id":"https:\/\/www.batters.fr\/#\/schema\/logo\/image\/"}}]}},"_links":{"self":[{"href":"https:\/\/www.batters.fr\/en\/wp-json\/wp\/v2\/pages\/682","targetHints":{"allow":["GET"]}}],"collection":[{"href":"https:\/\/www.batters.fr\/en\/wp-json\/wp\/v2\/pages"}],"about":[{"href":"https:\/\/www.batters.fr\/en\/wp-json\/wp\/v2\/types\/page"}],"author":[{"embeddable":true,"href":"https:\/\/www.batters.fr\/en\/wp-json\/wp\/v2\/users\/1"}],"replies":[{"embeddable":true,"href":"https:\/\/www.batters.fr\/en\/wp-json\/wp\/v2\/comments?post=682"}],"version-history":[{"count":34,"href":"https:\/\/www.batters.fr\/en\/wp-json\/wp\/v2\/pages\/682\/revisions"}],"predecessor-version":[{"id":1141,"href":"https:\/\/www.batters.fr\/en\/wp-json\/wp\/v2\/pages\/682\/revisions\/1141"}],"wp:attachment":[{"href":"https:\/\/www.batters.fr\/en\/wp-json\/wp\/v2\/media?parent=682"}],"curies":[{"name":"wp","href":"https:\/\/api.w.org\/{rel}","templated":true}]}}